{"id":1862,"date":"2024-09-27T23:43:46","date_gmt":"2024-09-28T02:43:46","guid":{"rendered":"https:\/\/medsharehub.com\/pt_br\/produto\/como-criar-producoes-cientificas-com-ia\/"},"modified":"2025-12-29T04:36:11","modified_gmt":"2025-12-29T07:36:11","slug":"como-criar-producoes-cientificas-com-ia","status":"publish","type":"product","link":"https:\/\/medsharehub.com\/pt_br\/produto\/como-criar-producoes-cientificas-com-ia\/","title":{"rendered":"Como criar produ\u00e7\u00f5es cient\u00edficas com IA"},"content":{"rendered":"","protected":false},"excerpt":{"rendered":"","protected":false},"featured_media":1784,"comment_status":"open","ping_status":"closed","template":"","meta":{"_uag_custom_page_level_css":"","site-sidebar-layout":"default","site-content-layout":"","ast-site-content-layout":"default","site-content-style":"default","site-sidebar-style":"default","ast-global-header-display":"","ast-banner-title-visibility":"","ast-main-header-display":"","ast-hfb-above-header-display":"","ast-hfb-below-header-display":"","ast-hfb-mobile-header-display":"","site-post-title":"","ast-breadcrumbs-content":"","ast-featured-img":"","footer-sml-layout":"","ast-disable-related-posts":"","theme-transparent-header-meta":"","adv-header-id-meta":"","stick-header-meta":"","header-above-stick-meta":"","header-main-stick-meta":"","header-below-stick-meta":"","astra-migrate-meta-layouts":"default","ast-page-background-enabled":"default","ast-page-background-meta":{"desktop":{"background-color":"","background-image":"","background-repeat":"repeat","background-position":"center center","background-size":"auto","background-attachment":"scroll","background-type":"","background-media":"","overlay-type":"","overlay-color":"","overlay-opacity":"","overlay-gradient":""},"tablet":{"background-color":"","background-image":"","background-repeat":"repeat","background-position":"center center","background-size":"auto","background-attachment":"scroll","background-type":"","background-media":"","overlay-type":"","overlay-color":"","overlay-opacity":"","overlay-gradient":""},"mobile":{"background-color":"","background-image":"","background-repeat":"repeat","background-position":"center center","background-size":"auto","background-attachment":"scroll","background-type":"","background-media":"","overlay-type":"","overlay-color":"","overlay-opacity":"","overlay-gradient":""}},"ast-content-background-meta":{"desktop":{"background-color":"var(--ast-global-color-5)","background-image":"","background-repeat":"repeat","background-position":"center center","background-size":"auto","background-attachment":"scroll","background-type":"","background-media":"","overlay-type":"","overlay-color":"","overlay-opacity":"","overlay-gradient":""},"tablet":{"background-color":"var(--ast-global-color-5)","background-image":"","background-repeat":"repeat","background-position":"center center","background-size":"auto","background-attachment":"scroll","background-type":"","background-media":"","overlay-type":"","overlay-color":"","overlay-opacity":"","overlay-gradient":""},"mobile":{"background-color":"var(--ast-global-color-5)","background-image":"","background-repeat":"repeat","background-position":"center center","background-size":"auto","background-attachment":"scroll","background-type":"","background-media":"","overlay-type":"","overlay-color":"","overlay-opacity":"","overlay-gradient":""}}},"product_brand":[],"product_cat":[16],"product_tag":[],"class_list":{"0":"post-1862","1":"product","2":"type-product","3":"status-publish","4":"has-post-thumbnail","6":"product_cat-sem-categoria","7":"desktop-align-left","8":"tablet-align-left","9":"mobile-align-left","11":"first","12":"instock","13":"sale","14":"virtual","15":"sold-individually","16":"purchasable","17":"product-type-simple"},"yoast_head":"<!-- This site is optimized with the Yoast SEO plugin v27.4 - https:\/\/yoast.com\/product\/yoast-seo-wordpress\/ -->\n<title>Como criar produ\u00e7\u00f5es cient\u00edficas com IA - MedShareHub<\/title>\n<meta name=\"robots\" content=\"index, follow, max-snippet:-1, max-image-preview:large, max-video-preview:-1\" \/>\n<link rel=\"canonical\" href=\"https:\/\/medsharehub.com\/pt_br\/produto\/como-criar-producoes-cientificas-com-ia\/\" \/>\n<meta property=\"og:locale\" content=\"pt_BR\" \/>\n<meta property=\"og:type\" content=\"article\" \/>\n<meta property=\"og:title\" content=\"Como criar produ\u00e7\u00f5es cient\u00edficas com IA - MedShareHub\" \/>\n<meta property=\"og:url\" content=\"https:\/\/medsharehub.com\/pt_br\/produto\/como-criar-producoes-cientificas-com-ia\/\" \/>\n<meta property=\"og:site_name\" content=\"MedShareHub\" \/>\n<meta property=\"article:modified_time\" content=\"2025-12-29T07:36:11+00:00\" \/>\n<meta property=\"og:image\" content=\"https:\/\/medsharehub.com\/wp-content\/uploads\/2024\/09\/Francisco.png\" \/>\n\t<meta property=\"og:image:width\" content=\"700\" \/>\n\t<meta property=\"og:image:height\" content=\"430\" \/>\n\t<meta property=\"og:image:type\" content=\"image\/png\" \/>\n<meta name=\"twitter:card\" content=\"summary_large_image\" \/>\n<script type=\"application\/ld+json\" class=\"yoast-schema-graph\">{\"@context\":\"https:\\\/\\\/schema.org\",\"@graph\":[{\"@type\":\"WebPage\",\"@id\":\"https:\\\/\\\/medsharehub.com\\\/produto\\\/como-criar-producoes-cientificas-com-ia\\\/\",\"url\":\"https:\\\/\\\/medsharehub.com\\\/produto\\\/como-criar-producoes-cientificas-com-ia\\\/\",\"name\":\"Como criar produ\u00e7\u00f5es cient\u00edficas com IA - MedShareHub\",\"isPartOf\":{\"@id\":\"https:\\\/\\\/medsharehub.com\\\/#website\"},\"primaryImageOfPage\":{\"@id\":\"https:\\\/\\\/medsharehub.com\\\/produto\\\/como-criar-producoes-cientificas-com-ia\\\/#primaryimage\"},\"image\":{\"@id\":\"https:\\\/\\\/medsharehub.com\\\/produto\\\/como-criar-producoes-cientificas-com-ia\\\/#primaryimage\"},\"thumbnailUrl\":\"https:\\\/\\\/medsharehub.com\\\/wp-content\\\/uploads\\\/2024\\\/09\\\/Francisco.png\",\"datePublished\":\"2024-09-28T02:43:46+00:00\",\"dateModified\":\"2025-12-29T07:36:11+00:00\",\"breadcrumb\":{\"@id\":\"https:\\\/\\\/medsharehub.com\\\/produto\\\/como-criar-producoes-cientificas-com-ia\\\/#breadcrumb\"},\"inLanguage\":\"pt-BR\",\"potentialAction\":[{\"@type\":\"ReadAction\",\"target\":[\"https:\\\/\\\/medsharehub.com\\\/produto\\\/como-criar-producoes-cientificas-com-ia\\\/\"]}]},{\"@type\":\"ImageObject\",\"inLanguage\":\"pt-BR\",\"@id\":\"https:\\\/\\\/medsharehub.com\\\/produto\\\/como-criar-producoes-cientificas-com-ia\\\/#primaryimage\",\"url\":\"https:\\\/\\\/medsharehub.com\\\/wp-content\\\/uploads\\\/2024\\\/09\\\/Francisco.png\",\"contentUrl\":\"https:\\\/\\\/medsharehub.com\\\/wp-content\\\/uploads\\\/2024\\\/09\\\/Francisco.png\",\"width\":700,\"height\":430},{\"@type\":\"BreadcrumbList\",\"@id\":\"https:\\\/\\\/medsharehub.com\\\/produto\\\/como-criar-producoes-cientificas-com-ia\\\/#breadcrumb\",\"itemListElement\":[{\"@type\":\"ListItem\",\"position\":1,\"name\":\"In\u00edcio\",\"item\":\"https:\\\/\\\/medsharehub.com\\\/\"},{\"@type\":\"ListItem\",\"position\":2,\"name\":\"Loja\",\"item\":\"https:\\\/\\\/medsharehub.com\\\/loja\\\/\"},{\"@type\":\"ListItem\",\"position\":3,\"name\":\"Como criar produ\u00e7\u00f5es cient\u00edficas com IA\"}]},{\"@type\":\"WebSite\",\"@id\":\"https:\\\/\\\/medsharehub.com\\\/#website\",\"url\":\"https:\\\/\\\/medsharehub.com\\\/\",\"name\":\"MedShareHub\",\"description\":\"Plataforma aberta para compra e venda de materiais educativos da \u00e1rea da sa\u00fade\",\"publisher\":{\"@id\":\"https:\\\/\\\/medsharehub.com\\\/#organization\"},\"alternateName\":\"MSH\",\"potentialAction\":[{\"@type\":\"SearchAction\",\"target\":{\"@type\":\"EntryPoint\",\"urlTemplate\":\"https:\\\/\\\/medsharehub.com\\\/?s={search_term_string}\"},\"query-input\":{\"@type\":\"PropertyValueSpecification\",\"valueRequired\":true,\"valueName\":\"search_term_string\"}}],\"inLanguage\":\"pt-BR\"},{\"@type\":\"Organization\",\"@id\":\"https:\\\/\\\/medsharehub.com\\\/#organization\",\"name\":\"MedShareHub\",\"alternateName\":\"MSH\",\"url\":\"https:\\\/\\\/medsharehub.com\\\/\",\"logo\":{\"@type\":\"ImageObject\",\"inLanguage\":\"pt-BR\",\"@id\":\"https:\\\/\\\/medsharehub.com\\\/#\\\/schema\\\/logo\\\/image\\\/\",\"url\":\"https:\\\/\\\/medsharehub.com\\\/wp-content\\\/uploads\\\/2024\\\/08\\\/cropped-MedShareHub-icone.png\",\"contentUrl\":\"https:\\\/\\\/medsharehub.com\\\/wp-content\\\/uploads\\\/2024\\\/08\\\/cropped-MedShareHub-icone.png\",\"width\":121,\"height\":120,\"caption\":\"MedShareHub\"},\"image\":{\"@id\":\"https:\\\/\\\/medsharehub.com\\\/#\\\/schema\\\/logo\\\/image\\\/\"},\"sameAs\":[\"https:\\\/\\\/www.instagram.com\\\/medsharehub\\\/\"]}]}<\/script>\n<!-- \/ Yoast SEO plugin. -->","yoast_head_json":{"title":"Como criar produ\u00e7\u00f5es cient\u00edficas com IA - MedShareHub","robots":{"index":"index","follow":"follow","max-snippet":"max-snippet:-1","max-image-preview":"max-image-preview:large","max-video-preview":"max-video-preview:-1"},"canonical":"https:\/\/medsharehub.com\/pt_br\/produto\/como-criar-producoes-cientificas-com-ia\/","og_locale":"pt_BR","og_type":"article","og_title":"Como criar produ\u00e7\u00f5es cient\u00edficas com IA - MedShareHub","og_url":"https:\/\/medsharehub.com\/pt_br\/produto\/como-criar-producoes-cientificas-com-ia\/","og_site_name":"MedShareHub","article_modified_time":"2025-12-29T07:36:11+00:00","og_image":[{"width":700,"height":430,"url":"https:\/\/medsharehub.com\/wp-content\/uploads\/2024\/09\/Francisco.png","type":"image\/png"}],"twitter_card":"summary_large_image","schema":{"@context":"https:\/\/schema.org","@graph":[{"@type":"WebPage","@id":"https:\/\/medsharehub.com\/produto\/como-criar-producoes-cientificas-com-ia\/","url":"https:\/\/medsharehub.com\/produto\/como-criar-producoes-cientificas-com-ia\/","name":"Como criar produ\u00e7\u00f5es cient\u00edficas com IA - MedShareHub","isPartOf":{"@id":"https:\/\/medsharehub.com\/#website"},"primaryImageOfPage":{"@id":"https:\/\/medsharehub.com\/produto\/como-criar-producoes-cientificas-com-ia\/#primaryimage"},"image":{"@id":"https:\/\/medsharehub.com\/produto\/como-criar-producoes-cientificas-com-ia\/#primaryimage"},"thumbnailUrl":"https:\/\/medsharehub.com\/wp-content\/uploads\/2024\/09\/Francisco.png","datePublished":"2024-09-28T02:43:46+00:00","dateModified":"2025-12-29T07:36:11+00:00","breadcrumb":{"@id":"https:\/\/medsharehub.com\/produto\/como-criar-producoes-cientificas-com-ia\/#breadcrumb"},"inLanguage":"pt-BR","potentialAction":[{"@type":"ReadAction","target":["https:\/\/medsharehub.com\/produto\/como-criar-producoes-cientificas-com-ia\/"]}]},{"@type":"ImageObject","inLanguage":"pt-BR","@id":"https:\/\/medsharehub.com\/produto\/como-criar-producoes-cientificas-com-ia\/#primaryimage","url":"https:\/\/medsharehub.com\/wp-content\/uploads\/2024\/09\/Francisco.png","contentUrl":"https:\/\/medsharehub.com\/wp-content\/uploads\/2024\/09\/Francisco.png","width":700,"height":430},{"@type":"BreadcrumbList","@id":"https:\/\/medsharehub.com\/produto\/como-criar-producoes-cientificas-com-ia\/#breadcrumb","itemListElement":[{"@type":"ListItem","position":1,"name":"In\u00edcio","item":"https:\/\/medsharehub.com\/"},{"@type":"ListItem","position":2,"name":"Loja","item":"https:\/\/medsharehub.com\/loja\/"},{"@type":"ListItem","position":3,"name":"Como criar produ\u00e7\u00f5es cient\u00edficas com IA"}]},{"@type":"WebSite","@id":"https:\/\/medsharehub.com\/#website","url":"https:\/\/medsharehub.com\/","name":"MedShareHub","description":"Plataforma aberta para compra e venda de materiais educativos da \u00e1rea da sa\u00fade","publisher":{"@id":"https:\/\/medsharehub.com\/#organization"},"alternateName":"MSH","potentialAction":[{"@type":"SearchAction","target":{"@type":"EntryPoint","urlTemplate":"https:\/\/medsharehub.com\/?s={search_term_string}"},"query-input":{"@type":"PropertyValueSpecification","valueRequired":true,"valueName":"search_term_string"}}],"inLanguage":"pt-BR"},{"@type":"Organization","@id":"https:\/\/medsharehub.com\/#organization","name":"MedShareHub","alternateName":"MSH","url":"https:\/\/medsharehub.com\/","logo":{"@type":"ImageObject","inLanguage":"pt-BR","@id":"https:\/\/medsharehub.com\/#\/schema\/logo\/image\/","url":"https:\/\/medsharehub.com\/wp-content\/uploads\/2024\/08\/cropped-MedShareHub-icone.png","contentUrl":"https:\/\/medsharehub.com\/wp-content\/uploads\/2024\/08\/cropped-MedShareHub-icone.png","width":121,"height":120,"caption":"MedShareHub"},"image":{"@id":"https:\/\/medsharehub.com\/#\/schema\/logo\/image\/"},"sameAs":["https:\/\/www.instagram.com\/medsharehub\/"]}]}},"uagb_featured_image_src":{"full":["https:\/\/medsharehub.com\/wp-content\/uploads\/2024\/09\/Francisco.png",700,430,false],"thumbnail":["https:\/\/medsharehub.com\/wp-content\/uploads\/2024\/09\/Francisco-150x150.png",150,150,true],"medium":["https:\/\/medsharehub.com\/wp-content\/uploads\/2024\/09\/Francisco-300x184.png",300,184,true],"medium_large":["https:\/\/medsharehub.com\/wp-content\/uploads\/2024\/09\/Francisco.png",700,430,false],"large":["https:\/\/medsharehub.com\/wp-content\/uploads\/2024\/09\/Francisco.png",700,430,false],"1536x1536":["https:\/\/medsharehub.com\/wp-content\/uploads\/2024\/09\/Francisco.png",700,430,false],"2048x2048":["https:\/\/medsharehub.com\/wp-content\/uploads\/2024\/09\/Francisco.png",700,430,false],"trp-custom-language-flag":["https:\/\/medsharehub.com\/wp-content\/uploads\/2024\/09\/Francisco-18x12.png",18,12,true],"_nx_notification_thumb_100_100":["https:\/\/medsharehub.com\/wp-content\/uploads\/2024\/09\/Francisco.png",100,61,false],"_nx_notification_thumb_200_200":["https:\/\/medsharehub.com\/wp-content\/uploads\/2024\/09\/Francisco.png",200,123,false],"_nx_notification_thumb_300_300":["https:\/\/medsharehub.com\/wp-content\/uploads\/2024\/09\/Francisco.png",300,184,false],"_nx_notification_thumb_400_400":["https:\/\/medsharehub.com\/wp-content\/uploads\/2024\/09\/Francisco.png",400,246,false],"_nx_notification_thumb_500_500":["https:\/\/medsharehub.com\/wp-content\/uploads\/2024\/09\/Francisco.png",500,307,false],"woocommerce_thumbnail":["https:\/\/medsharehub.com\/wp-content\/uploads\/2024\/09\/Francisco-300x300.png",300,300,true],"woocommerce_single":["https:\/\/medsharehub.com\/wp-content\/uploads\/2024\/09\/Francisco-600x369.png",600,369,true],"woocommerce_gallery_thumbnail":["https:\/\/medsharehub.com\/wp-content\/uploads\/2024\/09\/Francisco-100x100.png",100,100,true]},"uagb_author_info":{"display_name":"Breno Francisco","author_link":"https:\/\/medsharehub.com\/pt_br\/author\/"},"uagb_comment_info":0,"uagb_excerpt":null,"_links":{"self":[{"href":"https:\/\/medsharehub.com\/pt_br\/wp-json\/wp\/v2\/product\/1862","targetHints":{"allow":["GET"]}}],"collection":[{"href":"https:\/\/medsharehub.com\/pt_br\/wp-json\/wp\/v2\/product"}],"about":[{"href":"https:\/\/medsharehub.com\/pt_br\/wp-json\/wp\/v2\/types\/product"}],"replies":[{"embeddable":true,"href":"https:\/\/medsharehub.com\/pt_br\/wp-json\/wp\/v2\/comments?post=1862"}],"wp:featuredmedia":[{"embeddable":true,"href":"https:\/\/medsharehub.com\/pt_br\/wp-json\/wp\/v2\/media\/1784"}],"wp:attachment":[{"href":"https:\/\/medsharehub.com\/pt_br\/wp-json\/wp\/v2\/media?parent=1862"}],"wp:term":[{"taxonomy":"product_brand","embeddable":true,"href":"https:\/\/medsharehub.com\/pt_br\/wp-json\/wp\/v2\/product_brand?post=1862"},{"taxonomy":"product_cat","embeddable":true,"href":"https:\/\/medsharehub.com\/pt_br\/wp-json\/wp\/v2\/product_cat?post=1862"},{"taxonomy":"product_tag","embeddable":true,"href":"https:\/\/medsharehub.com\/pt_br\/wp-json\/wp\/v2\/product_tag?post=1862"}],"curies":[{"name":"wp","href":"https:\/\/api.w.org\/{rel}","templated":true}]}}