{"id":1759,"date":"2024-09-15T21:47:01","date_gmt":"2024-09-16T00:47:01","guid":{"rendered":"https:\/\/medsharehub.com\/?page_id=1759"},"modified":"2024-09-16T15:26:23","modified_gmt":"2024-09-16T18:26:23","slug":"taxas","status":"publish","type":"page","link":"https:\/\/medsharehub.com\/pt_br\/taxas\/","title":{"rendered":"Taxas"},"content":{"rendered":"\t\t<div data-elementor-type=\"wp-page\" data-elementor-id=\"1759\" class=\"elementor elementor-1759\" data-elementor-post-type=\"page\">\n\t\t\t\t<div class=\"elementor-element elementor-element-2b5aae41 e-flex e-con-boxed e-con e-parent\" data-id=\"2b5aae41\" data-element_type=\"container\" data-e-type=\"container\" data-settings=\"{&quot;background_background&quot;:&quot;classic&quot;}\">\n\t\t\t\t\t<div class=\"e-con-inner\">\n\t\t<div class=\"elementor-element elementor-element-1049e093 e-con-full e-flex e-con e-child\" data-id=\"1049e093\" data-element_type=\"container\" data-e-type=\"container\" data-settings=\"{&quot;background_background&quot;:&quot;classic&quot;}\">\n\t\t\t\t<div class=\"elementor-element elementor-element-26e95e9 elementor-widget elementor-widget-image-box\" data-id=\"26e95e9\" data-element_type=\"widget\" data-e-type=\"widget\" data-widget_type=\"image-box.default\">\n\t\t\t\t<div class=\"elementor-widget-container\">\n\t\t\t\t\t<div class=\"elementor-image-box-wrapper\"><div class=\"elementor-image-box-content\"><h4 class=\"elementor-image-box-title\">Taxas Banc\u00e1rias:<\/h4><p class=\"elementor-image-box-description\">Taxa cobrada pelo checkout do banco \u00e9 de 4% para todas as formas de pagamento.<\/p><\/div><\/div>\t\t\t\t<\/div>\n\t\t\t\t<\/div>\n\t\t\t\t<div class=\"elementor-element elementor-element-78f1436d elementor-widget elementor-widget-image-box\" data-id=\"78f1436d\" data-element_type=\"widget\" data-e-type=\"widget\" data-widget_type=\"image-box.default\">\n\t\t\t\t<div class=\"elementor-widget-container\">\n\t\t\t\t\t<div class=\"elementor-image-box-wrapper\"><div class=\"elementor-image-box-content\"><h4 class=\"elementor-image-box-title\">Taxa de Administra\u00e7\u00e3o MedShareHub:<\/h4><p class=\"elementor-image-box-description\">Al\u00e9m das taxas banc\u00e1rias, cobramos uma taxa de administra\u00e7\u00e3o de 10% sobre o valor total de cada venda. Essa taxa \u00e9 destinada \u00e0 manuten\u00e7\u00e3o e aprimoramento da plataforma, garantindo uma experi\u00eancia segura e eficiente para vendedores e compradores.<\/p><\/div><\/div>\t\t\t\t<\/div>\n\t\t\t\t<\/div>\n\t\t\t\t<div class=\"elementor-element elementor-element-2e1d1801 elementor-widget elementor-widget-image-box\" data-id=\"2e1d1801\" data-element_type=\"widget\" data-e-type=\"widget\" data-widget_type=\"image-box.default\">\n\t\t\t\t<div class=\"elementor-widget-container\">\n\t\t\t\t\t<div class=\"elementor-image-box-wrapper\"><div class=\"elementor-image-box-content\"><h4 class=\"elementor-image-box-title\">Condi\u00e7\u00f5es de Saque:<\/h4><p class=\"elementor-image-box-description\">O valor das vendas poder\u00e1 ser sacado pelo vendedor 15 dias ap\u00f3s a confirma\u00e7\u00e3o da transa\u00e7\u00e3o.\nO valor m\u00ednimo para solicitar o saque \u00e9 de R$100,00.<\/p><\/div><\/div>\t\t\t\t<\/div>\n\t\t\t\t<\/div>\n\t\t\t\t<\/div>\n\t\t<div class=\"elementor-element elementor-element-693dd290 e-con-full e-flex e-con e-child\" data-id=\"693dd290\" data-element_type=\"container\" data-e-type=\"container\">\n\t\t\t\t<div class=\"elementor-element elementor-element-15c86bb6 elementor-widget elementor-widget-heading\" data-id=\"15c86bb6\" data-element_type=\"widget\" data-e-type=\"widget\" data-widget_type=\"heading.default\">\n\t\t\t\t<div class=\"elementor-widget-container\">\n\t\t\t\t\t<h2 class=\"elementor-heading-title elementor-size-default\">Taxas e Condi\u00e7\u00f5es para Vendedores - MedShareHub<\/h2>\t\t\t\t<\/div>\n\t\t\t\t<\/div>\n\t\t\t\t<div class=\"elementor-element elementor-element-78480bc6 elementor-widget elementor-widget-text-editor\" data-id=\"78480bc6\" data-element_type=\"widget\" data-e-type=\"widget\" data-widget_type=\"text-editor.default\">\n\t\t\t\t<div class=\"elementor-widget-container\">\n\t\t\t\t\t\t\t\t\t<p>No MedShareHub, buscamos transpar\u00eancia e simplicidade para nossos vendedores. Essas condi\u00e7\u00f5es garantem a viabilidade da opera\u00e7\u00e3o da plataforma, ao mesmo tempo em que proporcionam aos vendedores uma estrutura transparente para o sucesso de suas vendas.<\/p>\t\t\t\t\t\t\t\t<\/div>\n\t\t\t\t<\/div>\n\t\t\t\t<\/div>\n\t\t\t\t\t<\/div>\n\t\t\t\t<\/div>\n\t\t\t\t<\/div>\n\t\t","protected":false},"excerpt":{"rendered":"<p>Taxas Banc\u00e1rias: Taxa cobrada pelo checkout do banco \u00e9 de 4% para todas as formas de pagamento. Taxa de Administra\u00e7\u00e3o MedShareHub: Al\u00e9m das taxas banc\u00e1rias, cobramos uma taxa de administra\u00e7\u00e3o de 10% sobre o valor total de cada venda. Essa taxa \u00e9 destinada \u00e0 manuten\u00e7\u00e3o e aprimoramento da plataforma, garantindo uma experi\u00eancia segura e eficiente [&hellip;]<\/p>\n","protected":false},"author":1,"featured_media":0,"parent":0,"menu_order":0,"comment_status":"closed","ping_status":"closed","template":"","meta":{"_uag_custom_page_level_css":"","site-sidebar-layout":"no-sidebar","site-content-layout":"page-builder","ast-site-content-layout":"full-width-container","site-content-style":"default","site-sidebar-style":"default","ast-global-header-display":"","ast-banner-title-visibility":"","ast-main-header-display":"","ast-hfb-above-header-display":"","ast-hfb-below-header-display":"","ast-hfb-mobile-header-display":"","site-post-title":"disabled","ast-breadcrumbs-content":"","ast-featured-img":"disabled","footer-sml-layout":"","ast-disable-related-posts":"","theme-transparent-header-meta":"","adv-header-id-meta":"","stick-header-meta":"","header-above-stick-meta":"","header-main-stick-meta":"","header-below-stick-meta":"","astra-migrate-meta-layouts":"set","ast-page-background-enabled":"default","ast-page-background-meta":{"desktop":{"background-color":"","background-image":"","background-repeat":"repeat","background-position":"center center","background-size":"auto","background-attachment":"scroll","background-type":"","background-media":"","overlay-type":"","overlay-color":"","overlay-opacity":"","overlay-gradient":""},"tablet":{"background-color":"","background-image":"","background-repeat":"repeat","background-position":"center center","background-size":"auto","background-attachment":"scroll","background-type":"","background-media":"","overlay-type":"","overlay-color":"","overlay-opacity":"","overlay-gradient":""},"mobile":{"background-color":"","background-image":"","background-repeat":"repeat","background-position":"center center","background-size":"auto","background-attachment":"scroll","background-type":"","background-media":"","overlay-type":"","overlay-color":"","overlay-opacity":"","overlay-gradient":""}},"ast-content-background-meta":{"desktop":{"background-color":"var(--ast-global-color-5)","background-image":"","background-repeat":"repeat","background-position":"center center","background-size":"auto","background-attachment":"scroll","background-type":"","background-media":"","overlay-type":"","overlay-color":"","overlay-opacity":"","overlay-gradient":""},"tablet":{"background-color":"var(--ast-global-color-5)","background-image":"","background-repeat":"repeat","background-position":"center center","background-size":"auto","background-attachment":"scroll","background-type":"","background-media":"","overlay-type":"","overlay-color":"","overlay-opacity":"","overlay-gradient":""},"mobile":{"background-color":"var(--ast-global-color-5)","background-image":"","background-repeat":"repeat","background-position":"center center","background-size":"auto","background-attachment":"scroll","background-type":"","background-media":"","overlay-type":"","overlay-color":"","overlay-opacity":"","overlay-gradient":""}},"footnotes":""},"class_list":["post-1759","page","type-page","status-publish","hentry"],"yoast_head":"<!-- This site is optimized with the Yoast SEO plugin v27.4 - https:\/\/yoast.com\/product\/yoast-seo-wordpress\/ -->\n<title>Taxas - MedShareHub<\/title>\n<meta name=\"robots\" content=\"index, follow, max-snippet:-1, max-image-preview:large, max-video-preview:-1\" \/>\n<link rel=\"canonical\" href=\"https:\/\/medsharehub.com\/pt_br\/taxas\/\" \/>\n<meta property=\"og:locale\" content=\"pt_BR\" \/>\n<meta property=\"og:type\" content=\"article\" \/>\n<meta property=\"og:title\" content=\"Taxas - MedShareHub\" \/>\n<meta property=\"og:description\" content=\"Taxas Banc\u00e1rias: Taxa cobrada pelo checkout do banco \u00e9 de 4% para todas as formas de pagamento. Taxa de Administra\u00e7\u00e3o MedShareHub: Al\u00e9m das taxas banc\u00e1rias, cobramos uma taxa de administra\u00e7\u00e3o de 10% sobre o valor total de cada venda. Essa taxa \u00e9 destinada \u00e0 manuten\u00e7\u00e3o e aprimoramento da plataforma, garantindo uma experi\u00eancia segura e eficiente [&hellip;]\" \/>\n<meta property=\"og:url\" content=\"https:\/\/medsharehub.com\/pt_br\/taxas\/\" \/>\n<meta property=\"og:site_name\" content=\"MedShareHub\" \/>\n<meta property=\"article:modified_time\" content=\"2024-09-16T18:26:23+00:00\" \/>\n<meta property=\"og:image\" content=\"https:\/\/medsharehub.com\/wp-content\/uploads\/2024\/08\/cropped-MedShareHub-icone.png\" \/>\n\t<meta property=\"og:image:width\" content=\"121\" \/>\n\t<meta property=\"og:image:height\" content=\"120\" \/>\n\t<meta property=\"og:image:type\" content=\"image\/png\" \/>\n<meta name=\"twitter:card\" content=\"summary_large_image\" \/>\n<meta name=\"twitter:label1\" content=\"Est. tempo de leitura\" \/>\n\t<meta name=\"twitter:data1\" content=\"1 minuto\" \/>\n<script type=\"application\/ld+json\" class=\"yoast-schema-graph\">{\"@context\":\"https:\\\/\\\/schema.org\",\"@graph\":[{\"@type\":\"WebPage\",\"@id\":\"https:\\\/\\\/medsharehub.com\\\/taxas\\\/\",\"url\":\"https:\\\/\\\/medsharehub.com\\\/taxas\\\/\",\"name\":\"Taxas - MedShareHub\",\"isPartOf\":{\"@id\":\"https:\\\/\\\/medsharehub.com\\\/#website\"},\"datePublished\":\"2024-09-16T00:47:01+00:00\",\"dateModified\":\"2024-09-16T18:26:23+00:00\",\"breadcrumb\":{\"@id\":\"https:\\\/\\\/medsharehub.com\\\/taxas\\\/#breadcrumb\"},\"inLanguage\":\"pt-BR\",\"potentialAction\":[{\"@type\":\"ReadAction\",\"target\":[\"https:\\\/\\\/medsharehub.com\\\/taxas\\\/\"]}]},{\"@type\":\"BreadcrumbList\",\"@id\":\"https:\\\/\\\/medsharehub.com\\\/taxas\\\/#breadcrumb\",\"itemListElement\":[{\"@type\":\"ListItem\",\"position\":1,\"name\":\"In\u00edcio\",\"item\":\"https:\\\/\\\/medsharehub.com\\\/\"},{\"@type\":\"ListItem\",\"position\":2,\"name\":\"Taxas\"}]},{\"@type\":\"WebSite\",\"@id\":\"https:\\\/\\\/medsharehub.com\\\/#website\",\"url\":\"https:\\\/\\\/medsharehub.com\\\/\",\"name\":\"MedShareHub\",\"description\":\"Plataforma aberta para compra e venda de materiais educativos da \u00e1rea da sa\u00fade\",\"publisher\":{\"@id\":\"https:\\\/\\\/medsharehub.com\\\/#organization\"},\"alternateName\":\"MSH\",\"potentialAction\":[{\"@type\":\"SearchAction\",\"target\":{\"@type\":\"EntryPoint\",\"urlTemplate\":\"https:\\\/\\\/medsharehub.com\\\/?s={search_term_string}\"},\"query-input\":{\"@type\":\"PropertyValueSpecification\",\"valueRequired\":true,\"valueName\":\"search_term_string\"}}],\"inLanguage\":\"pt-BR\"},{\"@type\":\"Organization\",\"@id\":\"https:\\\/\\\/medsharehub.com\\\/#organization\",\"name\":\"MedShareHub\",\"alternateName\":\"MSH\",\"url\":\"https:\\\/\\\/medsharehub.com\\\/\",\"logo\":{\"@type\":\"ImageObject\",\"inLanguage\":\"pt-BR\",\"@id\":\"https:\\\/\\\/medsharehub.com\\\/#\\\/schema\\\/logo\\\/image\\\/\",\"url\":\"https:\\\/\\\/medsharehub.com\\\/wp-content\\\/uploads\\\/2024\\\/08\\\/cropped-MedShareHub-icone.png\",\"contentUrl\":\"https:\\\/\\\/medsharehub.com\\\/wp-content\\\/uploads\\\/2024\\\/08\\\/cropped-MedShareHub-icone.png\",\"width\":121,\"height\":120,\"caption\":\"MedShareHub\"},\"image\":{\"@id\":\"https:\\\/\\\/medsharehub.com\\\/#\\\/schema\\\/logo\\\/image\\\/\"},\"sameAs\":[\"https:\\\/\\\/www.instagram.com\\\/medsharehub\\\/\"]}]}<\/script>\n<!-- \/ Yoast SEO plugin. -->","yoast_head_json":{"title":"Taxas - MedShareHub","robots":{"index":"index","follow":"follow","max-snippet":"max-snippet:-1","max-image-preview":"max-image-preview:large","max-video-preview":"max-video-preview:-1"},"canonical":"https:\/\/medsharehub.com\/pt_br\/taxas\/","og_locale":"pt_BR","og_type":"article","og_title":"Taxas - MedShareHub","og_description":"Taxas Banc\u00e1rias: Taxa cobrada pelo checkout do banco \u00e9 de 4% para todas as formas de pagamento. Taxa de Administra\u00e7\u00e3o MedShareHub: Al\u00e9m das taxas banc\u00e1rias, cobramos uma taxa de administra\u00e7\u00e3o de 10% sobre o valor total de cada venda. Essa taxa \u00e9 destinada \u00e0 manuten\u00e7\u00e3o e aprimoramento da plataforma, garantindo uma experi\u00eancia segura e eficiente [&hellip;]","og_url":"https:\/\/medsharehub.com\/pt_br\/taxas\/","og_site_name":"MedShareHub","article_modified_time":"2024-09-16T18:26:23+00:00","og_image":[{"width":121,"height":120,"url":"https:\/\/medsharehub.com\/wp-content\/uploads\/2024\/08\/cropped-MedShareHub-icone.png","type":"image\/png"}],"twitter_card":"summary_large_image","twitter_misc":{"Est. tempo de leitura":"1 minuto"},"schema":{"@context":"https:\/\/schema.org","@graph":[{"@type":"WebPage","@id":"https:\/\/medsharehub.com\/taxas\/","url":"https:\/\/medsharehub.com\/taxas\/","name":"Taxas - MedShareHub","isPartOf":{"@id":"https:\/\/medsharehub.com\/#website"},"datePublished":"2024-09-16T00:47:01+00:00","dateModified":"2024-09-16T18:26:23+00:00","breadcrumb":{"@id":"https:\/\/medsharehub.com\/taxas\/#breadcrumb"},"inLanguage":"pt-BR","potentialAction":[{"@type":"ReadAction","target":["https:\/\/medsharehub.com\/taxas\/"]}]},{"@type":"BreadcrumbList","@id":"https:\/\/medsharehub.com\/taxas\/#breadcrumb","itemListElement":[{"@type":"ListItem","position":1,"name":"In\u00edcio","item":"https:\/\/medsharehub.com\/"},{"@type":"ListItem","position":2,"name":"Taxas"}]},{"@type":"WebSite","@id":"https:\/\/medsharehub.com\/#website","url":"https:\/\/medsharehub.com\/","name":"MedShareHub","description":"Plataforma aberta para compra e venda de materiais educativos da \u00e1rea da sa\u00fade","publisher":{"@id":"https:\/\/medsharehub.com\/#organization"},"alternateName":"MSH","potentialAction":[{"@type":"SearchAction","target":{"@type":"EntryPoint","urlTemplate":"https:\/\/medsharehub.com\/?s={search_term_string}"},"query-input":{"@type":"PropertyValueSpecification","valueRequired":true,"valueName":"search_term_string"}}],"inLanguage":"pt-BR"},{"@type":"Organization","@id":"https:\/\/medsharehub.com\/#organization","name":"MedShareHub","alternateName":"MSH","url":"https:\/\/medsharehub.com\/","logo":{"@type":"ImageObject","inLanguage":"pt-BR","@id":"https:\/\/medsharehub.com\/#\/schema\/logo\/image\/","url":"https:\/\/medsharehub.com\/wp-content\/uploads\/2024\/08\/cropped-MedShareHub-icone.png","contentUrl":"https:\/\/medsharehub.com\/wp-content\/uploads\/2024\/08\/cropped-MedShareHub-icone.png","width":121,"height":120,"caption":"MedShareHub"},"image":{"@id":"https:\/\/medsharehub.com\/#\/schema\/logo\/image\/"},"sameAs":["https:\/\/www.instagram.com\/medsharehub\/"]}]}},"uagb_featured_image_src":{"full":false,"thumbnail":false,"medium":false,"medium_large":false,"large":false,"1536x1536":false,"2048x2048":false,"trp-custom-language-flag":false,"_nx_notification_thumb_100_100":false,"_nx_notification_thumb_200_200":false,"_nx_notification_thumb_300_300":false,"_nx_notification_thumb_400_400":false,"_nx_notification_thumb_500_500":false,"woocommerce_thumbnail":false,"woocommerce_single":false,"woocommerce_gallery_thumbnail":false},"uagb_author_info":{"display_name":"Chianca","author_link":"https:\/\/medsharehub.com\/pt_br\/author\/hugochianca\/"},"uagb_comment_info":0,"uagb_excerpt":"Taxas Banc\u00e1rias: Taxa cobrada pelo checkout do banco \u00e9 de 4% para todas as formas de pagamento. Taxa de Administra\u00e7\u00e3o MedShareHub: Al\u00e9m das taxas banc\u00e1rias, cobramos uma taxa de administra\u00e7\u00e3o de 10% sobre o valor total de cada venda. Essa taxa \u00e9 destinada \u00e0 manuten\u00e7\u00e3o e aprimoramento da plataforma, garantindo uma experi\u00eancia segura e eficiente&hellip;","_links":{"self":[{"href":"https:\/\/medsharehub.com\/pt_br\/wp-json\/wp\/v2\/pages\/1759","targetHints":{"allow":["GET"]}}],"collection":[{"href":"https:\/\/medsharehub.com\/pt_br\/wp-json\/wp\/v2\/pages"}],"about":[{"href":"https:\/\/medsharehub.com\/pt_br\/wp-json\/wp\/v2\/types\/page"}],"author":[{"embeddable":true,"href":"https:\/\/medsharehub.com\/pt_br\/wp-json\/wp\/v2\/users\/1"}],"replies":[{"embeddable":true,"href":"https:\/\/medsharehub.com\/pt_br\/wp-json\/wp\/v2\/comments?post=1759"}],"version-history":[{"count":10,"href":"https:\/\/medsharehub.com\/pt_br\/wp-json\/wp\/v2\/pages\/1759\/revisions"}],"predecessor-version":[{"id":1774,"href":"https:\/\/medsharehub.com\/pt_br\/wp-json\/wp\/v2\/pages\/1759\/revisions\/1774"}],"wp:attachment":[{"href":"https:\/\/medsharehub.com\/pt_br\/wp-json\/wp\/v2\/media?parent=1759"}],"curies":[{"name":"wp","href":"https:\/\/api.w.org\/{rel}","templated":true}]}}