{"id":1329,"date":"2024-07-17T00:18:47","date_gmt":"2024-07-17T03:18:47","guid":{"rendered":"https:\/\/medsharehub.com\/painel\/"},"modified":"2024-12-10T02:43:48","modified_gmt":"2024-12-10T05:43:48","slug":"area-do-aluno","status":"publish","type":"page","link":"https:\/\/medsharehub.com\/en_us\/area-do-aluno\/","title":{"rendered":"\u00c1rea do Aluno"},"content":{"rendered":"Please <a data-login_url=\"\" href=\"#\" class=\"tutor-open-login-modal\">Sign-In<\/a> to view this page","protected":false},"excerpt":{"rendered":"<p>Please Sign-In to view this page<\/p>","protected":false},"author":1,"featured_media":0,"parent":0,"menu_order":0,"comment_status":"closed","ping_status":"closed","template":"","meta":{"_uag_custom_page_level_css":"","site-sidebar-layout":"no-sidebar","site-content-layout":"page-builder","ast-site-content-layout":"full-width-container","site-content-style":"unboxed","site-sidebar-style":"unboxed","ast-global-header-display":"","ast-banner-title-visibility":"","ast-main-header-display":"","ast-hfb-above-header-display":"","ast-hfb-below-header-display":"","ast-hfb-mobile-header-display":"","site-post-title":"disabled","ast-breadcrumbs-content":"","ast-featured-img":"disabled","footer-sml-layout":"","ast-disable-related-posts":"","theme-transparent-header-meta":"","adv-header-id-meta":"","stick-header-meta":"","header-above-stick-meta":"","header-main-stick-meta":"","header-below-stick-meta":"","astra-migrate-meta-layouts":"set","ast-page-background-enabled":"default","ast-page-background-meta":{"desktop":{"background-color":"","background-image":"","background-repeat":"repeat","background-position":"center center","background-size":"auto","background-attachment":"scroll","background-type":"","background-media":"","overlay-type":"","overlay-color":"","overlay-opacity":"","overlay-gradient":""},"tablet":{"background-color":"","background-image":"","background-repeat":"repeat","background-position":"center center","background-size":"auto","background-attachment":"scroll","background-type":"","background-media":"","overlay-type":"","overlay-color":"","overlay-opacity":"","overlay-gradient":""},"mobile":{"background-color":"","background-image":"","background-repeat":"repeat","background-position":"center center","background-size":"auto","background-attachment":"scroll","background-type":"","background-media":"","overlay-type":"","overlay-color":"","overlay-opacity":"","overlay-gradient":""}},"ast-content-background-meta":{"desktop":{"background-color":"var(--ast-global-color-5)","background-image":"","background-repeat":"repeat","background-position":"center center","background-size":"auto","background-attachment":"scroll","background-type":"","background-media":"","overlay-type":"","overlay-color":"","overlay-opacity":"","overlay-gradient":""},"tablet":{"background-color":"var(--ast-global-color-5)","background-image":"","background-repeat":"repeat","background-position":"center center","background-size":"auto","background-attachment":"scroll","background-type":"","background-media":"","overlay-type":"","overlay-color":"","overlay-opacity":"","overlay-gradient":""},"mobile":{"background-color":"var(--ast-global-color-5)","background-image":"","background-repeat":"repeat","background-position":"center center","background-size":"auto","background-attachment":"scroll","background-type":"","background-media":"","overlay-type":"","overlay-color":"","overlay-opacity":"","overlay-gradient":""}},"footnotes":""},"class_list":["post-1329","page","type-page","status-publish","hentry"],"yoast_head":"<!-- This site is optimized with the Yoast SEO plugin v27.4 - https:\/\/yoast.com\/product\/yoast-seo-wordpress\/ -->\n<title>\u00c1rea do Aluno - MedShareHub<\/title>\n<meta name=\"description\" content=\"A \u00c1rea do Aluno \u00e9 onde todos os seus cursos adquiridos ficam dispon\u00edveis, prontos para acesso a qualquer momento, de forma pr\u00e1tica e segura.\" \/>\n<meta name=\"robots\" content=\"index, follow, max-snippet:-1, max-image-preview:large, max-video-preview:-1\" \/>\n<link rel=\"canonical\" href=\"https:\/\/medsharehub.com\/en_us\/area-do-aluno\/\" \/>\n<meta property=\"og:locale\" content=\"en_US\" \/>\n<meta property=\"og:type\" content=\"article\" \/>\n<meta property=\"og:title\" content=\"\u00c1rea do Aluno - MedShareHub\" \/>\n<meta property=\"og:description\" content=\"A \u00c1rea do Aluno \u00e9 onde todos os seus cursos adquiridos ficam dispon\u00edveis, prontos para acesso a qualquer momento, de forma pr\u00e1tica e segura.\" \/>\n<meta property=\"og:url\" content=\"https:\/\/medsharehub.com\/en_us\/area-do-aluno\/\" \/>\n<meta property=\"og:site_name\" content=\"MedShareHub\" \/>\n<meta property=\"article:modified_time\" content=\"2024-12-10T05:43:48+00:00\" \/>\n<meta property=\"og:image\" content=\"https:\/\/medsharehub.com\/wp-content\/uploads\/2024\/08\/cropped-MedShareHub-icone.png\" \/>\n\t<meta property=\"og:image:width\" content=\"121\" \/>\n\t<meta property=\"og:image:height\" content=\"120\" \/>\n\t<meta property=\"og:image:type\" content=\"image\/png\" \/>\n<meta name=\"twitter:card\" content=\"summary_large_image\" \/>\n<script type=\"application\/ld+json\" class=\"yoast-schema-graph\">{\"@context\":\"https:\\\/\\\/schema.org\",\"@graph\":[{\"@type\":\"WebPage\",\"@id\":\"https:\\\/\\\/medsharehub.com\\\/area-do-aluno\\\/\",\"url\":\"https:\\\/\\\/medsharehub.com\\\/area-do-aluno\\\/\",\"name\":\"\u00c1rea do Aluno - MedShareHub\",\"isPartOf\":{\"@id\":\"https:\\\/\\\/medsharehub.com\\\/#website\"},\"datePublished\":\"2024-07-17T03:18:47+00:00\",\"dateModified\":\"2024-12-10T05:43:48+00:00\",\"description\":\"A \u00c1rea do Aluno \u00e9 onde todos os seus cursos adquiridos ficam dispon\u00edveis, prontos para acesso a qualquer momento, de forma pr\u00e1tica e segura.\",\"breadcrumb\":{\"@id\":\"https:\\\/\\\/medsharehub.com\\\/area-do-aluno\\\/#breadcrumb\"},\"inLanguage\":\"en-US\",\"potentialAction\":[{\"@type\":\"ReadAction\",\"target\":[\"https:\\\/\\\/medsharehub.com\\\/area-do-aluno\\\/\"]}]},{\"@type\":\"BreadcrumbList\",\"@id\":\"https:\\\/\\\/medsharehub.com\\\/area-do-aluno\\\/#breadcrumb\",\"itemListElement\":[{\"@type\":\"ListItem\",\"position\":1,\"name\":\"In\u00edcio\",\"item\":\"https:\\\/\\\/medsharehub.com\\\/\"},{\"@type\":\"ListItem\",\"position\":2,\"name\":\"\u00c1rea do Aluno\"}]},{\"@type\":\"WebSite\",\"@id\":\"https:\\\/\\\/medsharehub.com\\\/#website\",\"url\":\"https:\\\/\\\/medsharehub.com\\\/\",\"name\":\"MedShareHub\",\"description\":\"Plataforma aberta para compra e venda de materiais educativos da \u00e1rea da sa\u00fade\",\"publisher\":{\"@id\":\"https:\\\/\\\/medsharehub.com\\\/#organization\"},\"alternateName\":\"MSH\",\"potentialAction\":[{\"@type\":\"SearchAction\",\"target\":{\"@type\":\"EntryPoint\",\"urlTemplate\":\"https:\\\/\\\/medsharehub.com\\\/?s={search_term_string}\"},\"query-input\":{\"@type\":\"PropertyValueSpecification\",\"valueRequired\":true,\"valueName\":\"search_term_string\"}}],\"inLanguage\":\"en-US\"},{\"@type\":\"Organization\",\"@id\":\"https:\\\/\\\/medsharehub.com\\\/#organization\",\"name\":\"MedShareHub\",\"alternateName\":\"MSH\",\"url\":\"https:\\\/\\\/medsharehub.com\\\/\",\"logo\":{\"@type\":\"ImageObject\",\"inLanguage\":\"en-US\",\"@id\":\"https:\\\/\\\/medsharehub.com\\\/#\\\/schema\\\/logo\\\/image\\\/\",\"url\":\"https:\\\/\\\/medsharehub.com\\\/wp-content\\\/uploads\\\/2024\\\/08\\\/cropped-MedShareHub-icone.png\",\"contentUrl\":\"https:\\\/\\\/medsharehub.com\\\/wp-content\\\/uploads\\\/2024\\\/08\\\/cropped-MedShareHub-icone.png\",\"width\":121,\"height\":120,\"caption\":\"MedShareHub\"},\"image\":{\"@id\":\"https:\\\/\\\/medsharehub.com\\\/#\\\/schema\\\/logo\\\/image\\\/\"},\"sameAs\":[\"https:\\\/\\\/www.instagram.com\\\/medsharehub\\\/\"]}]}<\/script>\n<!-- \/ Yoast SEO plugin. -->","yoast_head_json":{"title":"\u00c1rea do Aluno - MedShareHub","description":"A \u00c1rea do Aluno \u00e9 onde todos os seus cursos adquiridos ficam dispon\u00edveis, prontos para acesso a qualquer momento, de forma pr\u00e1tica e segura.","robots":{"index":"index","follow":"follow","max-snippet":"max-snippet:-1","max-image-preview":"max-image-preview:large","max-video-preview":"max-video-preview:-1"},"canonical":"https:\/\/medsharehub.com\/en_us\/area-do-aluno\/","og_locale":"en_US","og_type":"article","og_title":"\u00c1rea do Aluno - MedShareHub","og_description":"A \u00c1rea do Aluno \u00e9 onde todos os seus cursos adquiridos ficam dispon\u00edveis, prontos para acesso a qualquer momento, de forma pr\u00e1tica e segura.","og_url":"https:\/\/medsharehub.com\/en_us\/area-do-aluno\/","og_site_name":"MedShareHub","article_modified_time":"2024-12-10T05:43:48+00:00","og_image":[{"width":121,"height":120,"url":"https:\/\/medsharehub.com\/wp-content\/uploads\/2024\/08\/cropped-MedShareHub-icone.png","type":"image\/png"}],"twitter_card":"summary_large_image","schema":{"@context":"https:\/\/schema.org","@graph":[{"@type":"WebPage","@id":"https:\/\/medsharehub.com\/area-do-aluno\/","url":"https:\/\/medsharehub.com\/area-do-aluno\/","name":"\u00c1rea do Aluno - MedShareHub","isPartOf":{"@id":"https:\/\/medsharehub.com\/#website"},"datePublished":"2024-07-17T03:18:47+00:00","dateModified":"2024-12-10T05:43:48+00:00","description":"A \u00c1rea do Aluno \u00e9 onde todos os seus cursos adquiridos ficam dispon\u00edveis, prontos para acesso a qualquer momento, de forma pr\u00e1tica e segura.","breadcrumb":{"@id":"https:\/\/medsharehub.com\/area-do-aluno\/#breadcrumb"},"inLanguage":"en-US","potentialAction":[{"@type":"ReadAction","target":["https:\/\/medsharehub.com\/area-do-aluno\/"]}]},{"@type":"BreadcrumbList","@id":"https:\/\/medsharehub.com\/area-do-aluno\/#breadcrumb","itemListElement":[{"@type":"ListItem","position":1,"name":"In\u00edcio","item":"https:\/\/medsharehub.com\/"},{"@type":"ListItem","position":2,"name":"\u00c1rea do Aluno"}]},{"@type":"WebSite","@id":"https:\/\/medsharehub.com\/#website","url":"https:\/\/medsharehub.com\/","name":"MedShareHub","description":"Plataforma aberta para compra e venda de materiais educativos da \u00e1rea da sa\u00fade","publisher":{"@id":"https:\/\/medsharehub.com\/#organization"},"alternateName":"MSH","potentialAction":[{"@type":"SearchAction","target":{"@type":"EntryPoint","urlTemplate":"https:\/\/medsharehub.com\/?s={search_term_string}"},"query-input":{"@type":"PropertyValueSpecification","valueRequired":true,"valueName":"search_term_string"}}],"inLanguage":"en-US"},{"@type":"Organization","@id":"https:\/\/medsharehub.com\/#organization","name":"MedShareHub","alternateName":"MSH","url":"https:\/\/medsharehub.com\/","logo":{"@type":"ImageObject","inLanguage":"en-US","@id":"https:\/\/medsharehub.com\/#\/schema\/logo\/image\/","url":"https:\/\/medsharehub.com\/wp-content\/uploads\/2024\/08\/cropped-MedShareHub-icone.png","contentUrl":"https:\/\/medsharehub.com\/wp-content\/uploads\/2024\/08\/cropped-MedShareHub-icone.png","width":121,"height":120,"caption":"MedShareHub"},"image":{"@id":"https:\/\/medsharehub.com\/#\/schema\/logo\/image\/"},"sameAs":["https:\/\/www.instagram.com\/medsharehub\/"]}]}},"uagb_featured_image_src":{"full":false,"thumbnail":false,"medium":false,"medium_large":false,"large":false,"1536x1536":false,"2048x2048":false,"trp-custom-language-flag":false,"_nx_notification_thumb_100_100":false,"_nx_notification_thumb_200_200":false,"_nx_notification_thumb_300_300":false,"_nx_notification_thumb_400_400":false,"_nx_notification_thumb_500_500":false,"woocommerce_thumbnail":false,"woocommerce_single":false,"woocommerce_gallery_thumbnail":false},"uagb_author_info":{"display_name":"Chianca","author_link":"https:\/\/medsharehub.com\/en_us\/author\/hugochianca\/"},"uagb_comment_info":0,"uagb_excerpt":"Please Sign-In to view this page","_links":{"self":[{"href":"https:\/\/medsharehub.com\/en_us\/wp-json\/wp\/v2\/pages\/1329","targetHints":{"allow":["GET"]}}],"collection":[{"href":"https:\/\/medsharehub.com\/en_us\/wp-json\/wp\/v2\/pages"}],"about":[{"href":"https:\/\/medsharehub.com\/en_us\/wp-json\/wp\/v2\/types\/page"}],"author":[{"embeddable":true,"href":"https:\/\/medsharehub.com\/en_us\/wp-json\/wp\/v2\/users\/1"}],"replies":[{"embeddable":true,"href":"https:\/\/medsharehub.com\/en_us\/wp-json\/wp\/v2\/comments?post=1329"}],"version-history":[{"count":2,"href":"https:\/\/medsharehub.com\/en_us\/wp-json\/wp\/v2\/pages\/1329\/revisions"}],"predecessor-version":[{"id":3215,"href":"https:\/\/medsharehub.com\/en_us\/wp-json\/wp\/v2\/pages\/1329\/revisions\/3215"}],"wp:attachment":[{"href":"https:\/\/medsharehub.com\/en_us\/wp-json\/wp\/v2\/media?parent=1329"}],"curies":[{"name":"wp","href":"https:\/\/api.w.org\/{rel}","templated":true}]}}